{"id":306,"date":"2025-08-26T18:36:16","date_gmt":"2025-08-26T16:36:16","guid":{"rendered":"https:\/\/maenergyconsulting.com\/?page_id=306"},"modified":"2025-09-30T11:30:57","modified_gmt":"2025-09-30T09:30:57","slug":"quienes-somos","status":"publish","type":"page","link":"https:\/\/maenergyconsulting.com\/eu\/quienes-somos\/","title":{"rendered":"Quienes somos"},"content":{"rendered":"<div data-elementor-type=\"wp-page\" data-elementor-id=\"306\" class=\"elementor elementor-306\" data-elementor-post-type=\"page\">\n\t\t\t\t\t\t<section class=\"elementor-section elementor-top-section elementor-element elementor-element-5abfdc9 elementor-section-boxed elementor-section-height-default elementor-section-height-default\" data-id=\"5abfdc9\" data-element_type=\"section\" data-e-type=\"section\" data-settings=\"{&quot;background_background&quot;:&quot;classic&quot;}\">\n\t\t\t\t\t\t\t<div class=\"elementor-background-overlay\"><\/div>\n\t\t\t\t\t\t\t<div class=\"elementor-container elementor-column-gap-default\">\n\t\t\t\t\t<div class=\"elementor-column elementor-col-100 elementor-top-column elementor-element elementor-element-2f1b22f0\" data-id=\"2f1b22f0\" data-element_type=\"column\" data-e-type=\"column\">\n\t\t\t<div class=\"elementor-widget-wrap elementor-element-populated\">\n\t\t\t\t\t\t<div class=\"elementor-element elementor-element-68c05121 animated-fast elementor-invisible elementor-widget elementor-widget-heading\" data-id=\"68c05121\" data-element_type=\"widget\" data-e-type=\"widget\" data-settings=\"{&quot;_animation_delay&quot;:&quot;200&quot;,&quot;_animation&quot;:&quot;fadeInDown&quot;}\" data-widget_type=\"heading.default\">\n\t\t\t\t\t<h1 class=\"elementor-heading-title elementor-size-default\">Sobre nosotros<\/h1>\t\t\t\t<\/div>\n\t\t\t\t\t<\/div>\n\t\t<\/div>\n\t\t\t\t\t<\/div>\n\t\t<\/section>\n\t\t\t\t<section class=\"elementor-section elementor-top-section elementor-element elementor-element-266ab696 elementor-section-boxed elementor-section-height-default elementor-section-height-default\" data-id=\"266ab696\" data-element_type=\"section\" data-e-type=\"section\">\n\t\t\t\t\t\t<div class=\"elementor-container elementor-column-gap-default\">\n\t\t\t\t\t<div class=\"elementor-column elementor-col-100 elementor-top-column elementor-element elementor-element-7d02098e\" data-id=\"7d02098e\" data-element_type=\"column\" data-e-type=\"column\">\n\t\t\t<div class=\"elementor-widget-wrap elementor-element-populated\">\n\t\t\t\t\t\t<section class=\"elementor-section elementor-inner-section elementor-element elementor-element-512c6354 elementor-section-boxed elementor-section-height-default elementor-section-height-default\" data-id=\"512c6354\" data-element_type=\"section\" data-e-type=\"section\">\n\t\t\t\t\t\t<div class=\"elementor-container elementor-column-gap-default\">\n\t\t\t\t\t<div class=\"elementor-column elementor-col-50 elementor-inner-column elementor-element elementor-element-345cc37b\" data-id=\"345cc37b\" data-element_type=\"column\" data-e-type=\"column\">\n\t\t\t<div class=\"elementor-widget-wrap elementor-element-populated\">\n\t\t\t\t\t\t<div class=\"elementor-element elementor-element-514aa6a6 elementor-widget elementor-widget-text-editor\" data-id=\"514aa6a6\" data-element_type=\"widget\" data-e-type=\"widget\" data-widget_type=\"text-editor.default\">\n\t\t\t\t\t\t\t\t\t<p><span style=\"font-weight: 400;\">En\u00a0<\/span><b>M&amp;A Energy Consulting<\/b><span style=\"font-weight: 400;\">\u00a0ponemos al servicio de nuestros clientes la experiencia acumulada durante m\u00e1s de 5 a\u00f1os participando en proyectos clave del sector energ\u00e9tico y fotovoltaico.<\/span><\/p><p><span style=\"font-weight: 400;\">Nuestro recorrido comenz\u00f3 con la apertura comercial de instalaciones como el\u00a0<\/span><b>parking fotovoltaico de Cardenal Ilundain<\/b><span style=\"font-weight: 400;\">\u00a0y el\u00a0<\/span><b>porche fotovoltaico de los comedores de la Universidad P\u00fablica de Navarra<\/b><span style=\"font-weight: 400;\">. Posteriormente, impulsamos la\u00a0<\/span><b>expansi\u00f3n de la marca en Gran Canaria<\/b><span style=\"font-weight: 400;\">, presentando el innovador modelo a organismos gubernamentales, proponiendo emplazamientos que a\u00f1os m\u00e1s tarde se han materializado en proyectos reales.<\/span><\/p><p><span style=\"font-weight: 400;\">En la etapa en una comercializadora energ\u00e9tica, adem\u00e1s de trabajar en el\u00a0<\/span><b>pricing adaptado a cada sector<\/b><span style=\"font-weight: 400;\">, lideramos la creaci\u00f3n del\u00a0<\/span><b>proyecto Comunidad Solar<\/b><span style=\"font-weight: 400;\">, una iniciativa pionera que implement\u00f3 el\u00a0<\/span><b>autoconsumo compartido gratuito<\/b><span style=\"font-weight: 400;\">\u00a0para los vecinos, permiti\u00e9ndoles acceder a energ\u00eda renovable m\u00e1s barata que la tarifa convencional, sin inversi\u00f3n inicial.<\/span><\/p><p><span style=\"font-weight: 400;\">M\u00e1s adelante, volviendo al sector fotovoltaico, consolidamos ese conocimiento desarrollando el modelo de\u00a0<\/span><b>alquiler de cubiertas solares para autoconsumos compartidos en un radio de 2 km<\/b><span style=\"font-weight: 400;\">, as\u00ed como nuevas f\u00f3rmulas de financiaci\u00f3n de instalaciones mediante\u00a0<\/span><b>PPAs y renting<\/b><span style=\"font-weight: 400;\">.<\/span><\/p><p><span style=\"font-weight: 400;\">Hoy, todo este bagaje se concentra en\u00a0<\/span><b>M&amp;A Energy Consulting<\/b><span style=\"font-weight: 400;\">, donde ayudamos a nuestros clientes a encontrar la\u00a0<\/span><b>mejor soluci\u00f3n energ\u00e9tica integral<\/b><span style=\"font-weight: 400;\">, desde el switching con las mejores comercializadoras hasta la ejecuci\u00f3n de instalaciones fotovoltaicas a medida, con o sin acumulaci\u00f3n, y la b\u00fasqueda de soluciones innovadoras para necesidades especiales, como la\u00a0<\/span><b>explotaci\u00f3n de cubiertas sobredimensionadas<\/b><span style=\"font-weight: 400;\">\u00a0o la\u00a0<\/span><b>generaci\u00f3n sin disponer de tejado propio<\/b><span style=\"font-weight: 400;\">.<\/span><\/p>\t\t\t\t\t\t\t\t<\/div>\n\t\t\t\t\t<\/div>\n\t\t<\/div>\n\t\t\t\t<div class=\"elementor-column elementor-col-50 elementor-inner-column elementor-element elementor-element-75a6a48e elementor-hidden-tablet elementor-invisible\" data-id=\"75a6a48e\" data-element_type=\"column\" data-e-type=\"column\" data-settings=\"{&quot;background_background&quot;:&quot;classic&quot;,&quot;animation&quot;:&quot;fadeInLeft&quot;}\">\n\t\t\t<div class=\"elementor-widget-wrap elementor-element-populated\">\n\t\t\t\t\t\t<div class=\"elementor-element elementor-element-0e50441 elementor-widget elementor-widget-image\" data-id=\"0e50441\" data-element_type=\"widget\" data-e-type=\"widget\" data-widget_type=\"image.default\">\n\t\t\t\t\t\t\t\t\t\t\t\t\t\t\t<img fetchpriority=\"high\" decoding=\"async\" width=\"500\" height=\"298\" src=\"https:\/\/maenergyconsulting.com\/wp-content\/uploads\/2025\/09\/logo-ma-energy-consulting-e1758276617474.png\" class=\"attachment-large size-large wp-image-336\" alt=\"LOGO MA ENERGY CONSULTING\" srcset=\"https:\/\/maenergyconsulting.com\/wp-content\/uploads\/2025\/09\/logo-ma-energy-consulting-e1758276617474.png 500w, https:\/\/maenergyconsulting.com\/wp-content\/uploads\/2025\/09\/logo-ma-energy-consulting-e1758276617474-300x179.png 300w\" sizes=\"(max-width: 500px) 100vw, 500px\" \/>\t\t\t\t\t\t\t\t\t\t\t\t\t\t\t<\/div>\n\t\t\t\t\t<\/div>\n\t\t<\/div>\n\t\t\t\t\t<\/div>\n\t\t<\/section>\n\t\t\t\t\t<\/div>\n\t\t<\/div>\n\t\t\t\t\t<\/div>\n\t\t<\/section>\n\t\t\t\t<section class=\"elementor-section elementor-top-section elementor-element elementor-element-f451016 elementor-section-boxed elementor-section-height-default elementor-section-height-default\" data-id=\"f451016\" data-element_type=\"section\" data-e-type=\"section\" data-settings=\"{&quot;background_background&quot;:&quot;classic&quot;}\">\n\t\t\t\t\t\t\t<div class=\"elementor-background-overlay\"><\/div>\n\t\t\t\t\t\t\t<div class=\"elementor-container elementor-column-gap-default\">\n\t\t\t\t\t<div class=\"elementor-column elementor-col-100 elementor-top-column elementor-element elementor-element-99bd7ea\" data-id=\"99bd7ea\" data-element_type=\"column\" data-e-type=\"column\">\n\t\t\t<div class=\"elementor-widget-wrap elementor-element-populated\">\n\t\t\t\t\t\t<div class=\"elementor-element elementor-element-fbae132 elementor-widget elementor-widget-heading\" data-id=\"fbae132\" data-element_type=\"widget\" data-e-type=\"widget\" data-widget_type=\"heading.default\">\n\t\t\t\t\t<h6 class=\"elementor-heading-title elementor-size-default\">cont\u00e1ctanos sin compromiso<\/h6>\t\t\t\t<\/div>\n\t\t\t\t<div class=\"elementor-element elementor-element-bbbc01b elementor-invisible elementor-widget elementor-widget-heading\" data-id=\"bbbc01b\" data-element_type=\"widget\" data-e-type=\"widget\" data-settings=\"{&quot;_animation&quot;:&quot;fadeInDown&quot;}\" data-widget_type=\"heading.default\">\n\t\t\t\t\t<h2 class=\"elementor-heading-title elementor-size-default\">Haznos tu consulta y juntos valoramos si es interesante que colaboremos<\/h2>\t\t\t\t<\/div>\n\t\t\t\t<div class=\"elementor-element elementor-element-fe17d43 elementor-align-center elementor-tablet-align-center elementor-mobile-align-justify elementor-widget elementor-widget-button\" data-id=\"fe17d43\" data-element_type=\"widget\" data-e-type=\"widget\" data-widget_type=\"button.default\">\n\t\t\t\t\t\t\t\t\t\t<a class=\"elementor-button elementor-button-link elementor-size-sm\" href=\"https:\/\/maenergyconsulting.com\/eu\/contacto\/\">\n\t\t\t\t\t\t<span class=\"elementor-button-content-wrapper\">\n\t\t\t\t\t\t<span class=\"elementor-button-icon\">\n\t\t\t\t<svg aria-hidden=\"true\" class=\"e-font-icon-svg e-fas-arrow-right\" viewbox=\"0 0 448 512\" xmlns=\"http:\/\/www.w3.org\/2000\/svg\"><path d=\"M190.5 66.9l22.2-22.2c9.4-9.4 24.6-9.4 33.9 0L441 239c9.4 9.4 9.4 24.6 0 33.9L246.6 467.3c-9.4 9.4-24.6 9.4-33.9 0l-22.2-22.2c-9.5-9.5-9.3-25 .4-34.3L311.4 296H24c-13.3 0-24-10.7-24-24v-32c0-13.3 10.7-24 24-24h287.4L190.9 101.2c-9.8-9.3-10-24.8-.4-34.3z\"><\/path><\/svg>\t\t\t<\/span>\n\t\t\t\t\t\t\t\t\t<span class=\"elementor-button-text\">CONTACTO<\/span>\n\t\t\t\t\t<\/span>\n\t\t\t\t\t<\/a>\n\t\t\t\t\t\t\t\t<\/div>\n\t\t\t\t\t<\/div>\n\t\t<\/div>\n\t\t\t\t\t<\/div>\n\t\t<\/section>\n\t\t\t\t<\/div>","protected":false},"excerpt":{"rendered":"<p>Sobre nosotros En\u00a0M&amp;A Energy Consulting\u00a0ponemos al servicio de nuestros clientes la experiencia acumulada durante m\u00e1s de 5 a\u00f1os participando en proyectos clave del sector energ\u00e9tico y fotovoltaico. Nuestro recorrido comenz\u00f3 con la apertura comercial de instalaciones como el\u00a0parking fotovoltaico de Cardenal Ilundain\u00a0y el\u00a0porche fotovoltaico de los comedores de la Universidad P\u00fablica de Navarra. Posteriormente, impulsamos [&hellip;]<\/p>\n","protected":false},"author":2,"featured_media":0,"parent":0,"menu_order":0,"comment_status":"closed","ping_status":"closed","template":"","meta":{"footnotes":""},"class_list":["post-306","page","type-page","status-publish","hentry"],"_links":{"self":[{"href":"https:\/\/maenergyconsulting.com\/eu\/wp-json\/wp\/v2\/pages\/306","targetHints":{"allow":["GET"]}}],"collection":[{"href":"https:\/\/maenergyconsulting.com\/eu\/wp-json\/wp\/v2\/pages"}],"about":[{"href":"https:\/\/maenergyconsulting.com\/eu\/wp-json\/wp\/v2\/types\/page"}],"author":[{"embeddable":true,"href":"https:\/\/maenergyconsulting.com\/eu\/wp-json\/wp\/v2\/users\/2"}],"replies":[{"embeddable":true,"href":"https:\/\/maenergyconsulting.com\/eu\/wp-json\/wp\/v2\/comments?post=306"}],"version-history":[{"count":22,"href":"https:\/\/maenergyconsulting.com\/eu\/wp-json\/wp\/v2\/pages\/306\/revisions"}],"predecessor-version":[{"id":508,"href":"https:\/\/maenergyconsulting.com\/eu\/wp-json\/wp\/v2\/pages\/306\/revisions\/508"}],"wp:attachment":[{"href":"https:\/\/maenergyconsulting.com\/eu\/wp-json\/wp\/v2\/media?parent=306"}],"curies":[{"name":"wp","href":"https:\/\/api.w.org\/{rel}","templated":true}]}}