{"id":162,"date":"2025-08-26T14:06:01","date_gmt":"2025-08-26T12:06:01","guid":{"rendered":"https:\/\/maenergyconsulting.com\/?page_id=162"},"modified":"2025-09-30T13:01:58","modified_gmt":"2025-09-30T11:01:58","slug":"servicios","status":"publish","type":"page","link":"https:\/\/maenergyconsulting.com\/eu\/servicios\/","title":{"rendered":"Servicios"},"content":{"rendered":"<div data-elementor-type=\"wp-page\" data-elementor-id=\"162\" class=\"elementor elementor-162\" data-elementor-post-type=\"page\">\n\t\t\t\t\t\t<section class=\"elementor-section elementor-top-section elementor-element elementor-element-94ca3a4 elementor-section-boxed elementor-section-height-default elementor-section-height-default\" data-id=\"94ca3a4\" data-element_type=\"section\" data-e-type=\"section\" data-settings=\"{&quot;background_background&quot;:&quot;classic&quot;}\">\n\t\t\t\t\t\t<div class=\"elementor-container elementor-column-gap-default\">\n\t\t\t\t\t<div class=\"elementor-column elementor-col-100 elementor-top-column elementor-element elementor-element-652621a\" data-id=\"652621a\" data-element_type=\"column\" data-e-type=\"column\">\n\t\t\t<div class=\"elementor-widget-wrap elementor-element-populated\">\n\t\t\t\t\t\t<div class=\"elementor-element elementor-element-d1fc1e4 elementor-widget elementor-widget-heading\" data-id=\"d1fc1e4\" data-element_type=\"widget\" data-e-type=\"widget\" data-widget_type=\"heading.default\">\n\t\t\t\t\t<h1 class=\"elementor-heading-title elementor-size-default\">nuestros servicios<\/h1>\t\t\t\t<\/div>\n\t\t\t\t<div class=\"elementor-element elementor-element-1c558f5 elementor-invisible elementor-widget elementor-widget-heading\" data-id=\"1c558f5\" data-element_type=\"widget\" data-e-type=\"widget\" data-settings=\"{&quot;_animation&quot;:&quot;fadeInDown&quot;}\" data-widget_type=\"heading.default\">\n\t\t\t\t\t<h2 class=\"elementor-heading-title elementor-size-default\">Optimizamos tu negocio con soluciones energ\u00e9ticas a medida<\/h2>\t\t\t\t<\/div>\n\t\t\t\t<div class=\"elementor-element elementor-element-5463e13 elementor-widget elementor-widget-text-editor\" data-id=\"5463e13\" data-element_type=\"widget\" data-e-type=\"widget\" data-widget_type=\"text-editor.default\">\n\t\t\t\t\t\t\t\t\t<p><span style=\"font-weight: 400;\">En\u00a0<\/span><b>M&amp;A Energy Consulting<\/b><span style=\"font-weight: 400;\">\u00a0entendemos que cada empresa o instituci\u00f3n enfrenta retos energ\u00e9ticos diferentes. Por eso no ofrecemos soluciones gen\u00e9ricas, sino un enfoque\u00a0<\/span><b>a medida<\/b><span style=\"font-weight: 400;\">: analizamos tu situaci\u00f3n y tus\u00a0<\/span><b>necesidades energ\u00e9ticas<\/b><span style=\"font-weight: 400;\">, dise\u00f1amos la estrategia m\u00e1s adecuada y la llevamos a cabo para que tu energ\u00eda trabaje a tu favor. Por lo tanto, nuestro servicio principal es la <\/span><b>consultor\u00eda estrat\u00e9gica.<\/b><\/p><p><span style=\"font-weight: 400;\">Pero para que te puedas hacer una mejor idea de lo que hacemos, a continuaci\u00f3n, te mostramos las v\u00edas de soluci\u00f3n m\u00e1s comunes que solemos aplicar.<\/span><\/p>\t\t\t\t\t\t\t\t<\/div>\n\t\t\t\t\t<\/div>\n\t\t<\/div>\n\t\t\t\t\t<\/div>\n\t\t<\/section>\n\t\t<div class=\"elementor-element elementor-element-1ef4ed7 e-flex e-con-boxed e-con e-parent\" data-id=\"1ef4ed7\" data-element_type=\"container\" data-e-type=\"container\">\n\t\t\t\t\t<div class=\"e-con-inner\">\n\t\t<div class=\"elementor-element elementor-element-116c6ff e-con-full e-flex e-con e-child\" data-id=\"116c6ff\" data-element_type=\"container\" data-e-type=\"container\">\n\t\t\t\t<div class=\"elementor-element elementor-element-ca6a738 elementor-widget__width-inherit elementor-widget elementor-widget-heading\" data-id=\"ca6a738\" data-element_type=\"widget\" data-e-type=\"widget\" data-widget_type=\"heading.default\">\n\t\t\t\t\t<p class=\"elementor-heading-title elementor-size-default\">Cuando la necesidad est\u00e1 en la factura o en la comercializadora<\/p>\t\t\t\t<\/div>\n\t\t\t\t<div class=\"elementor-element elementor-element-88fcdca elementor-widget elementor-widget-heading\" data-id=\"88fcdca\" data-element_type=\"widget\" data-e-type=\"widget\" data-widget_type=\"heading.default\">\n\t\t\t\t\t<h2 class=\"elementor-heading-title elementor-size-default\">Optimizaci\u00f3n de contratos y suministros<\/h2>\t\t\t\t<\/div>\n\t\t\t\t<div class=\"elementor-element elementor-element-d760df2 elementor-widget elementor-widget-text-editor\" data-id=\"d760df2\" data-element_type=\"widget\" data-e-type=\"widget\" data-widget_type=\"text-editor.default\">\n\t\t\t\t\t\t\t\t\t<p><span style=\"font-weight: 400;\">Muchas de las necesidades energ\u00e9ticas empiezan en la propia factura. En este servicio revisamos tu contrato y tu consumo real para que tu empresa no est\u00e9 pagando de m\u00e1s.<\/span><\/p><p><b>Qu\u00e9 hacemos:<\/b><\/p><ul><li style=\"font-weight: 400;\" aria-level=\"1\"><span style=\"font-weight: 400;\">An\u00e1lisis de contratos, consumos y potencias demandadas.<\/span><\/li><li style=\"font-weight: 400;\" aria-level=\"1\"><span style=\"font-weight: 400;\">Switching: b\u00fasqueda y gesti\u00f3n de tarifas m\u00e1s competitivas.<\/span><\/li><li style=\"font-weight: 400;\" aria-level=\"1\"><span style=\"font-weight: 400;\">Negociaci\u00f3n directa con comercializadoras.<\/span><\/li><li style=\"font-weight: 400;\" aria-level=\"1\"><span style=\"font-weight: 400;\">Adaptaci\u00f3n de la tarifa a tu curva real de consumo.<\/span><\/li><\/ul>\t\t\t\t\t\t\t\t<\/div>\n\t\t\t\t<\/div>\n\t\t<div class=\"elementor-element elementor-element-2ce5d12 e-con-full e-flex e-con e-child\" data-id=\"2ce5d12\" data-element_type=\"container\" data-e-type=\"container\">\n\t\t\t\t<div class=\"elementor-element elementor-element-c9cbdb1 elementor-widget elementor-widget-image\" data-id=\"c9cbdb1\" data-element_type=\"widget\" data-e-type=\"widget\" data-widget_type=\"image.default\">\n\t\t\t\t\t\t\t\t\t\t\t\t\t\t\t<img fetchpriority=\"high\" decoding=\"async\" width=\"800\" height=\"1000\" src=\"https:\/\/maenergyconsulting.com\/wp-content\/uploads\/2025\/08\/MA-ENERGY-CONSULTING-4-819x1024.jpg\" class=\"attachment-large size-large wp-image-269\" alt=\"CERTIFICADO ENERGETICO\" srcset=\"https:\/\/maenergyconsulting.com\/wp-content\/uploads\/2025\/08\/MA-ENERGY-CONSULTING-4-819x1024.jpg 819w, https:\/\/maenergyconsulting.com\/wp-content\/uploads\/2025\/08\/MA-ENERGY-CONSULTING-4-240x300.jpg 240w, https:\/\/maenergyconsulting.com\/wp-content\/uploads\/2025\/08\/MA-ENERGY-CONSULTING-4-768x960.jpg 768w, https:\/\/maenergyconsulting.com\/wp-content\/uploads\/2025\/08\/MA-ENERGY-CONSULTING-4.jpg 1080w\" sizes=\"(max-width: 800px) 100vw, 800px\" \/>\t\t\t\t\t\t\t\t\t\t\t\t\t\t\t<\/div>\n\t\t\t\t<\/div>\n\t\t\t\t\t<\/div>\n\t\t\t\t<\/div>\n\t\t<div class=\"elementor-element elementor-element-6c7c3d6 e-flex e-con-boxed e-con e-parent\" data-id=\"6c7c3d6\" data-element_type=\"container\" data-e-type=\"container\" data-settings=\"{&quot;background_background&quot;:&quot;classic&quot;}\">\n\t\t\t\t\t<div class=\"e-con-inner\">\n\t\t<div class=\"elementor-element elementor-element-4625e23 e-con-full e-flex e-con e-child\" data-id=\"4625e23\" data-element_type=\"container\" data-e-type=\"container\">\n\t\t\t\t<div class=\"elementor-element elementor-element-1c49526 elementor-widget__width-inherit elementor-widget elementor-widget-heading\" data-id=\"1c49526\" data-element_type=\"widget\" data-e-type=\"widget\" data-widget_type=\"heading.default\">\n\t\t\t\t\t<p class=\"elementor-heading-title elementor-size-default\">Cuando el reto est\u00e1 en producir y aprovechar mejor tu propia energ\u00eda<\/p>\t\t\t\t<\/div>\n\t\t\t\t<div class=\"elementor-element elementor-element-5f522a0 elementor-widget elementor-widget-heading\" data-id=\"5f522a0\" data-element_type=\"widget\" data-e-type=\"widget\" data-widget_type=\"heading.default\">\n\t\t\t\t\t<h2 class=\"elementor-heading-title elementor-size-default\">Autoconsumo y sistemas de acumulaci\u00f3n (BESS)\n<\/h2>\t\t\t\t<\/div>\n\t\t\t\t<div class=\"elementor-element elementor-element-29848cd elementor-widget elementor-widget-text-editor\" data-id=\"29848cd\" data-element_type=\"widget\" data-e-type=\"widget\" data-widget_type=\"text-editor.default\">\n\t\t\t\t\t\t\t\t\t<p><span style=\"font-weight: 400;\">Te ayudamos a producir tu propia energ\u00eda o a sacar m\u00e1s partido de la que ya generas. De esta manera reduces costes, mejoras tu independencia energ\u00e9tica y avanzas en tu compromiso con la sostenibilidad.<\/span><\/p><p><b>Qu\u00e9 hacemos:<\/b><\/p><ul><li style=\"font-weight: 400;\" aria-level=\"1\"><span style=\"font-weight: 400;\">Instalaciones solares fotovoltaicas en tu empresa o instituci\u00f3n.<\/span><\/li><li style=\"font-weight: 400;\" aria-level=\"1\"><span style=\"font-weight: 400;\">Optimizaci\u00f3n de instalaciones solares ya existentes.<\/span><\/li><li style=\"font-weight: 400;\" aria-level=\"1\"><span style=\"font-weight: 400;\">Instalaci\u00f3n de sistemas BESS y programaci\u00f3n de los mismos.<\/span><\/li><li style=\"font-weight: 400;\" aria-level=\"1\"><span style=\"font-weight: 400;\">Ofrecemos PPAs (Power Purchase Agreements) o RENTING de instalaciones.<\/span><\/li><\/ul>\t\t\t\t\t\t\t\t<\/div>\n\t\t\t\t<\/div>\n\t\t<div class=\"elementor-element elementor-element-2e0faf1 e-con-full e-flex e-con e-child\" data-id=\"2e0faf1\" data-element_type=\"container\" data-e-type=\"container\">\n\t\t\t\t<div class=\"elementor-element elementor-element-de640cf elementor-widget elementor-widget-image\" data-id=\"de640cf\" data-element_type=\"widget\" data-e-type=\"widget\" data-widget_type=\"image.default\">\n\t\t\t\t\t\t\t\t\t\t\t\t\t\t\t<img decoding=\"async\" width=\"768\" height=\"1024\" src=\"https:\/\/maenergyconsulting.com\/wp-content\/uploads\/2025\/09\/FAG-Fundacion-De-Aluminio-Por-Gravedad-768x1024.jpg\" class=\"attachment-large size-large wp-image-518\" alt=\"FOTO PLACAS SOLARES\" srcset=\"https:\/\/maenergyconsulting.com\/wp-content\/uploads\/2025\/09\/FAG-Fundacion-De-Aluminio-Por-Gravedad-768x1024.jpg 768w, https:\/\/maenergyconsulting.com\/wp-content\/uploads\/2025\/09\/FAG-Fundacion-De-Aluminio-Por-Gravedad-225x300.jpg 225w, https:\/\/maenergyconsulting.com\/wp-content\/uploads\/2025\/09\/FAG-Fundacion-De-Aluminio-Por-Gravedad.jpg 800w\" sizes=\"(max-width: 768px) 100vw, 768px\" \/>\t\t\t\t\t\t\t\t\t\t\t\t\t\t\t<\/div>\n\t\t\t\t<\/div>\n\t\t\t\t\t<\/div>\n\t\t\t\t<\/div>\n\t\t<div class=\"elementor-element elementor-element-e33443a e-flex e-con-boxed e-con e-parent\" data-id=\"e33443a\" data-element_type=\"container\" data-e-type=\"container\">\n\t\t\t\t\t<div class=\"e-con-inner\">\n\t\t<div class=\"elementor-element elementor-element-2204fda e-con-full e-flex e-con e-child\" data-id=\"2204fda\" data-element_type=\"container\" data-e-type=\"container\">\n\t\t\t\t<div class=\"elementor-element elementor-element-0a93479 elementor-widget__width-inherit elementor-widget elementor-widget-heading\" data-id=\"0a93479\" data-element_type=\"widget\" data-e-type=\"widget\" data-widget_type=\"heading.default\">\n\t\t\t\t\t<p class=\"elementor-heading-title elementor-size-default\">Cuando necesitas soluciones m\u00e1s avanzadas para asegurar suministro competitivo<\/p>\t\t\t\t<\/div>\n\t\t\t\t<div class=\"elementor-element elementor-element-13cb227 elementor-widget elementor-widget-heading\" data-id=\"13cb227\" data-element_type=\"widget\" data-e-type=\"widget\" data-widget_type=\"heading.default\">\n\t\t\t\t\t<h2 class=\"elementor-heading-title elementor-size-default\">Modelos energ\u00e9ticos innovadores<\/h2>\t\t\t\t<\/div>\n\t\t\t\t<div class=\"elementor-element elementor-element-3fd98a4 elementor-widget elementor-widget-text-editor\" data-id=\"3fd98a4\" data-element_type=\"widget\" data-e-type=\"widget\" data-widget_type=\"text-editor.default\">\n\t\t\t\t\t\t\t\t\t<p>Si tu empresa quiere dar un paso m\u00e1s, te ofrecemos soluciones avanzadas de energ\u00eda para asegurar precios competitivos y previsibles. Adem\u00e1s, te ayudamos a rentabilizar espacios en desuso, generando ingresos adicionales.<\/p><p><strong>Qu\u00e9 hacemos:<\/strong><\/p><ul><li>Alquiler de cubiertas para obtener ingresos extra.<\/li><li>Conversi\u00f3n de instalaciones sobredimensionadas en autoconsumos compartidos.<\/li><li>Creaci\u00f3n de comunidades de autoconsumo industrial o municipal.<\/li><li>Asesor\u00eda para invertir en tu propia comunidad y vender energ\u00eda.<\/li><\/ul>\t\t\t\t\t\t\t\t<\/div>\n\t\t\t\t<\/div>\n\t\t<div class=\"elementor-element elementor-element-495b258 e-con-full e-flex e-con e-child\" data-id=\"495b258\" data-element_type=\"container\" data-e-type=\"container\">\n\t\t\t\t<div class=\"elementor-element elementor-element-23a4dbb elementor-widget elementor-widget-image\" data-id=\"23a4dbb\" data-element_type=\"widget\" data-e-type=\"widget\" data-widget_type=\"image.default\">\n\t\t\t\t\t\t\t\t\t\t\t\t\t\t\t<img decoding=\"async\" width=\"800\" height=\"533\" src=\"https:\/\/maenergyconsulting.com\/wp-content\/uploads\/2025\/09\/Portada_Foto-7-1024x682.jpg\" class=\"attachment-large size-large wp-image-448\" alt=\"FOTO PLACAS SOLARES\" srcset=\"https:\/\/maenergyconsulting.com\/wp-content\/uploads\/2025\/09\/Portada_Foto-7-1024x682.jpg 1024w, https:\/\/maenergyconsulting.com\/wp-content\/uploads\/2025\/09\/Portada_Foto-7-300x200.jpg 300w, https:\/\/maenergyconsulting.com\/wp-content\/uploads\/2025\/09\/Portada_Foto-7-768x512.jpg 768w, https:\/\/maenergyconsulting.com\/wp-content\/uploads\/2025\/09\/Portada_Foto-7.jpg 1280w\" sizes=\"(max-width: 800px) 100vw, 800px\" \/>\t\t\t\t\t\t\t\t\t\t\t\t\t\t\t<\/div>\n\t\t\t\t<\/div>\n\t\t\t\t\t<\/div>\n\t\t\t\t<\/div>\n\t\t\t\t<section class=\"elementor-section elementor-top-section elementor-element elementor-element-cdde12c elementor-section-boxed elementor-section-height-default elementor-section-height-default\" data-id=\"cdde12c\" data-element_type=\"section\" data-e-type=\"section\" data-settings=\"{&quot;background_background&quot;:&quot;classic&quot;}\">\n\t\t\t\t\t\t\t<div class=\"elementor-background-overlay\"><\/div>\n\t\t\t\t\t\t\t<div class=\"elementor-container elementor-column-gap-default\">\n\t\t\t\t\t<div class=\"elementor-column elementor-col-100 elementor-top-column elementor-element elementor-element-1be7d9d\" data-id=\"1be7d9d\" data-element_type=\"column\" data-e-type=\"column\">\n\t\t\t<div class=\"elementor-widget-wrap elementor-element-populated\">\n\t\t\t\t\t\t<div class=\"elementor-element elementor-element-7729eb4 elementor-widget elementor-widget-heading\" data-id=\"7729eb4\" data-element_type=\"widget\" data-e-type=\"widget\" data-widget_type=\"heading.default\">\n\t\t\t\t\t<p class=\"elementor-heading-title elementor-size-default\">cont\u00e1ctanos sin compromiso<\/p>\t\t\t\t<\/div>\n\t\t\t\t<div class=\"elementor-element elementor-element-cd82194 elementor-invisible elementor-widget elementor-widget-heading\" data-id=\"cd82194\" data-element_type=\"widget\" data-e-type=\"widget\" data-settings=\"{&quot;_animation&quot;:&quot;fadeInDown&quot;}\" data-widget_type=\"heading.default\">\n\t\t\t\t\t<p class=\"elementor-heading-title elementor-size-default\">Haznos tu consulta y juntos valoramos si es interesante que colaboremos<\/p>\t\t\t\t<\/div>\n\t\t\t\t<div class=\"elementor-element elementor-element-2ede632 elementor-align-center elementor-tablet-align-center elementor-mobile-align-justify elementor-widget elementor-widget-button\" data-id=\"2ede632\" data-element_type=\"widget\" data-e-type=\"widget\" data-widget_type=\"button.default\">\n\t\t\t\t\t\t\t\t\t\t<a class=\"elementor-button elementor-button-link elementor-size-sm\" href=\"https:\/\/maenergyconsulting.com\/eu\/contacto\/\">\n\t\t\t\t\t\t<span class=\"elementor-button-content-wrapper\">\n\t\t\t\t\t\t<span class=\"elementor-button-icon\">\n\t\t\t\t<svg aria-hidden=\"true\" class=\"e-font-icon-svg e-fas-arrow-right\" viewbox=\"0 0 448 512\" xmlns=\"http:\/\/www.w3.org\/2000\/svg\"><path d=\"M190.5 66.9l22.2-22.2c9.4-9.4 24.6-9.4 33.9 0L441 239c9.4 9.4 9.4 24.6 0 33.9L246.6 467.3c-9.4 9.4-24.6 9.4-33.9 0l-22.2-22.2c-9.5-9.5-9.3-25 .4-34.3L311.4 296H24c-13.3 0-24-10.7-24-24v-32c0-13.3 10.7-24 24-24h287.4L190.9 101.2c-9.8-9.3-10-24.8-.4-34.3z\"><\/path><\/svg>\t\t\t<\/span>\n\t\t\t\t\t\t\t\t\t<span class=\"elementor-button-text\">CONTACTO<\/span>\n\t\t\t\t\t<\/span>\n\t\t\t\t\t<\/a>\n\t\t\t\t\t\t\t\t<\/div>\n\t\t\t\t\t<\/div>\n\t\t<\/div>\n\t\t\t\t\t<\/div>\n\t\t<\/section>\n\t\t\t\t<\/div>","protected":false},"excerpt":{"rendered":"<p>nuestros servicios Optimizamos tu negocio con soluciones energ\u00e9ticas a medida En\u00a0M&amp;A Energy Consulting\u00a0entendemos que cada empresa o instituci\u00f3n enfrenta retos energ\u00e9ticos diferentes. Por eso no ofrecemos soluciones gen\u00e9ricas, sino un enfoque\u00a0a medida: analizamos tu situaci\u00f3n y tus\u00a0necesidades energ\u00e9ticas, dise\u00f1amos la estrategia m\u00e1s adecuada y la llevamos a cabo para que tu energ\u00eda trabaje a tu [&hellip;]<\/p>\n","protected":false},"author":2,"featured_media":0,"parent":0,"menu_order":0,"comment_status":"closed","ping_status":"closed","template":"","meta":{"footnotes":""},"class_list":["post-162","page","type-page","status-publish","hentry"],"_links":{"self":[{"href":"https:\/\/maenergyconsulting.com\/eu\/wp-json\/wp\/v2\/pages\/162","targetHints":{"allow":["GET"]}}],"collection":[{"href":"https:\/\/maenergyconsulting.com\/eu\/wp-json\/wp\/v2\/pages"}],"about":[{"href":"https:\/\/maenergyconsulting.com\/eu\/wp-json\/wp\/v2\/types\/page"}],"author":[{"embeddable":true,"href":"https:\/\/maenergyconsulting.com\/eu\/wp-json\/wp\/v2\/users\/2"}],"replies":[{"embeddable":true,"href":"https:\/\/maenergyconsulting.com\/eu\/wp-json\/wp\/v2\/comments?post=162"}],"version-history":[{"count":32,"href":"https:\/\/maenergyconsulting.com\/eu\/wp-json\/wp\/v2\/pages\/162\/revisions"}],"predecessor-version":[{"id":630,"href":"https:\/\/maenergyconsulting.com\/eu\/wp-json\/wp\/v2\/pages\/162\/revisions\/630"}],"wp:attachment":[{"href":"https:\/\/maenergyconsulting.com\/eu\/wp-json\/wp\/v2\/media?parent=162"}],"curies":[{"name":"wp","href":"https:\/\/api.w.org\/{rel}","templated":true}]}}