{"id":13,"date":"2025-07-28T14:46:23","date_gmt":"2025-07-28T12:46:23","guid":{"rendered":"https:\/\/maenergyconsulting.com\/?page_id=13"},"modified":"2025-09-19T13:13:34","modified_gmt":"2025-09-19T11:13:34","slug":"aviso-legal","status":"publish","type":"page","link":"https:\/\/maenergyconsulting.com\/eu\/aviso-legal\/","title":{"rendered":"Aviso legal"},"content":{"rendered":"<p>En cumplimiento con lo establecido en la <strong>Ley 34\/2002, de 11 de julio, de Servicios de la Sociedad de la Informaci\u00f3n y de Comercio Electr\u00f3nico (LSSI-CE)<\/strong>, se informa de los siguientes datos de informaci\u00f3n general de este sitio web:<\/p>\n\n\n\n<p><strong>Titular:<\/strong> Mikel Abaigar Aranguren<br><strong>NIF:<\/strong> 44627572M<br><strong>Nombre comercial:<\/strong> MA Energy Consulting<br><strong>Direcci\u00f3n:<\/strong> Calle Iparberoki 57, bajo, 31191, Beriain (Navarra)<br><strong>Tel\u00e9fono:<\/strong> 605 075 626<br><strong>Correo electr\u00f3nico:<\/strong> <a>energia@maenergyconsulting.com<\/a><\/p>\n\n\n\n<h2 class=\"wp-block-heading\">Condiciones de uso<\/h2>\n\n\n\n<p>El acceso y uso de este sitio web atribuye la condici\u00f3n de usuario, aceptando desde dicho acceso y uso las presentes condiciones.<\/p>\n\n\n\n<p>El usuario se compromete a hacer un uso adecuado de los contenidos que se ofrecen a trav\u00e9s de este sitio web y a no emplearlos para:<\/p>\n\n\n\n<ul class=\"wp-block-list\">\n<li>Realizar actividades il\u00edcitas, ilegales o contrarias a la buena fe y al orden p\u00fablico.<\/li>\n\n\n\n<li>Difundir contenidos o propaganda de car\u00e1cter racista, xen\u00f3fobo, pornogr\u00e1fico, de apolog\u00eda del terrorismo o que atenten contra los derechos humanos.<\/li>\n\n\n\n<li>Provocar da\u00f1os en los sistemas f\u00edsicos y l\u00f3gicos del titular del sitio, de sus proveedores o de terceras personas.<\/li>\n<\/ul>\n\n\n\n<h2 class=\"wp-block-heading\">Responsabilidad<\/h2>\n\n\n\n<p>El titular no se hace responsable de los da\u00f1os y perjuicios que puedan derivarse del mal uso de este sitio web ni de los contenidos enlazados desde el mismo, que sean responsabilidad de sus respectivos titulares.<\/p>\n\n\n\n<h2 class=\"wp-block-heading\">Propiedad intelectual e industrial<\/h2>\n\n\n\n<p>Los contenidos de este sitio web, incluyendo textos, im\u00e1genes, logotipos, dise\u00f1os y c\u00f3digo fuente, est\u00e1n protegidos por derechos de propiedad intelectual e industrial, de los cuales es titular o cuenta con autorizaci\u00f3n expresa para su utilizaci\u00f3n.<\/p>\n\n\n\n<p>Queda prohibida la reproducci\u00f3n, distribuci\u00f3n o transformaci\u00f3n de dichos contenidos sin autorizaci\u00f3n previa del titular.<\/p>\n\n\n\n<h2 class=\"wp-block-heading\">Protecci\u00f3n de datos<\/h2>\n\n\n\n<p>Los datos personales facilitados a trav\u00e9s de esta web ser\u00e1n tratados conforme a lo establecido en la normativa vigente en materia de protecci\u00f3n de datos personales y en la <strong>Pol\u00edtica de Privacidad<\/strong> publicada en este sitio.<\/p>\n\n\n\n<h2 class=\"wp-block-heading\">Legislaci\u00f3n aplicable<\/h2>\n\n\n\n<p>El presente Aviso Legal se rige en todos y cada uno de sus extremos por la legislaci\u00f3n espa\u00f1ola.<\/p>","protected":false},"excerpt":{"rendered":"<p>En cumplimiento con lo establecido en la Ley 34\/2002, de 11 de julio, de Servicios de la Sociedad de la Informaci\u00f3n y de Comercio Electr\u00f3nico (LSSI-CE), se informa de los siguientes datos de informaci\u00f3n general de este sitio web: Titular: Mikel Abaigar ArangurenNIF: 44627572MNombre comercial: MA Energy ConsultingDirecci\u00f3n: Calle Iparberoki 57, bajo, 31191, Beriain (Navarra)Tel\u00e9fono: [&hellip;]<\/p>\n","protected":false},"author":2,"featured_media":0,"parent":0,"menu_order":0,"comment_status":"closed","ping_status":"closed","template":"","meta":{"footnotes":""},"class_list":["post-13","page","type-page","status-publish","hentry"],"_links":{"self":[{"href":"https:\/\/maenergyconsulting.com\/eu\/wp-json\/wp\/v2\/pages\/13","targetHints":{"allow":["GET"]}}],"collection":[{"href":"https:\/\/maenergyconsulting.com\/eu\/wp-json\/wp\/v2\/pages"}],"about":[{"href":"https:\/\/maenergyconsulting.com\/eu\/wp-json\/wp\/v2\/types\/page"}],"author":[{"embeddable":true,"href":"https:\/\/maenergyconsulting.com\/eu\/wp-json\/wp\/v2\/users\/2"}],"replies":[{"embeddable":true,"href":"https:\/\/maenergyconsulting.com\/eu\/wp-json\/wp\/v2\/comments?post=13"}],"version-history":[{"count":5,"href":"https:\/\/maenergyconsulting.com\/eu\/wp-json\/wp\/v2\/pages\/13\/revisions"}],"predecessor-version":[{"id":402,"href":"https:\/\/maenergyconsulting.com\/eu\/wp-json\/wp\/v2\/pages\/13\/revisions\/402"}],"wp:attachment":[{"href":"https:\/\/maenergyconsulting.com\/eu\/wp-json\/wp\/v2\/media?parent=13"}],"curies":[{"name":"wp","href":"https:\/\/api.w.org\/{rel}","templated":true}]}}